{"id":31,"date":"2017-01-18T16:54:41","date_gmt":"2017-01-18T18:54:41","guid":{"rendered":"https:\/\/relogiopontosul.com.br\/site\/?page_id=31"},"modified":"2019-02-22T16:24:10","modified_gmt":"2019-02-22T19:24:10","slug":"empresa","status":"publish","type":"page","link":"https:\/\/relogiopontosul.com.br\/?page_id=31","title":{"rendered":"Empresa"},"content":{"rendered":"<p><strong>\u00a0 \u00a0A Ponto Sul Inform\u00e1tica<\/strong>\u00a0iniciou suas atividades em 2008 com o intuito \u00a0de apresentar \u00a0rel\u00f3gios ponto, sistema de acesso, catracas, softwares, crach\u00e1s em PVC e servi\u00e7os de inform\u00e1tica, tornando-se concession\u00e1ria da DIMEP, maior ind\u00fastria do segmento em todo o hemisf\u00e9rio sul presente em todos os estados com mais de 90 unidades\/revendas, al\u00e9m de subsidi\u00e1ria Europeia em Portugal e representantes em toda Am\u00e9rica latina para equipamentos diversos de controle de jornada de trabalho, controladores de acesso, sistemas parking e rastreamento veicular fundada em 1936.<\/p>\n<p>Para assegurar a posi\u00e7\u00e3o de lideran\u00e7a que conquistou ao longo das \u00faltimas d\u00e9cadas, a DIMEP investe constantemente na mais alta tecnologia dispon\u00edvel. Este posicionamento reflete diretamente nos \u00faltimos lan\u00e7amentos da empresa &#8212; produtos informatizados que incorporam avan\u00e7ados sistemas de identifica\u00e7\u00e3o biom\u00e9trica e softwares de reconhecimento e tratamento de informa\u00e7\u00f5es. Combinando tradi\u00e7\u00e3o e inova\u00e7\u00e3o de forma \u00fanica.<\/p>\n","protected":false},"excerpt":{"rendered":"<p>\u00a0 \u00a0A Ponto Sul Inform\u00e1tica\u00a0iniciou suas atividades em 2008 com o intuito \u00a0de apresentar \u00a0rel\u00f3gios ponto, sistema de acesso, catracas, [&hellip;]<\/p>\n","protected":false},"author":3,"featured_media":0,"parent":0,"menu_order":0,"comment_status":"closed","ping_status":"closed","template":"","meta":{"footnotes":""},"class_list":["post-31","page","type-page","status-publish","hentry"],"_links":{"self":[{"href":"https:\/\/relogiopontosul.com.br\/index.php?rest_route=\/wp\/v2\/pages\/31","targetHints":{"allow":["GET"]}}],"collection":[{"href":"https:\/\/relogiopontosul.com.br\/index.php?rest_route=\/wp\/v2\/pages"}],"about":[{"href":"https:\/\/relogiopontosul.com.br\/index.php?rest_route=\/wp\/v2\/types\/page"}],"author":[{"embeddable":true,"href":"https:\/\/relogiopontosul.com.br\/index.php?rest_route=\/wp\/v2\/users\/3"}],"replies":[{"embeddable":true,"href":"https:\/\/relogiopontosul.com.br\/index.php?rest_route=%2Fwp%2Fv2%2Fcomments&post=31"}],"version-history":[{"count":4,"href":"https:\/\/relogiopontosul.com.br\/index.php?rest_route=\/wp\/v2\/pages\/31\/revisions"}],"predecessor-version":[{"id":330,"href":"https:\/\/relogiopontosul.com.br\/index.php?rest_route=\/wp\/v2\/pages\/31\/revisions\/330"}],"wp:attachment":[{"href":"https:\/\/relogiopontosul.com.br\/index.php?rest_route=%2Fwp%2Fv2%2Fmedia&parent=31"}],"curies":[{"name":"wp","href":"https:\/\/api.w.org\/{rel}","templated":true}]}}